{"id":9,"date":"2020-02-27T17:33:39","date_gmt":"2020-02-27T16:33:39","guid":{"rendered":"http:\/\/prodej.profikasa.cz\/?page_id=9"},"modified":"2023-10-24T00:13:06","modified_gmt":"2023-10-23T22:13:06","slug":"komentare-k-vydanym-verzim","status":"publish","type":"page","link":"https:\/\/sluzby.profikasa.cz\/vi\/komentare-k-vydanym-verzim\/","title":{"rendered":"Koment\u00e1\u0159e k vydan\u00fdm verz\u00edm"},"content":{"rendered":"<p><\/p>\n<div class=\"row\">\n<h2 class=\"col-md-12 section-header\"><\/h2>\n<\/div>\n<p><\/p>","protected":false},"excerpt":{"rendered":"","protected":false},"author":1,"featured_media":0,"parent":0,"menu_order":0,"comment_status":"closed","ping_status":"closed","template":"template-fullwidth.php","meta":{"footnotes":""},"yoast_head":"<!-- This site is optimized with the Yoast SEO plugin v21.4 - https:\/\/yoast.com\/wordpress\/plugins\/seo\/ -->\n<title>Koment\u00e1\u0159e k vydan\u00fdm verz\u00edm - PROFIKASA Slu\u017eby<\/title>\n<meta name=\"robots\" content=\"index, follow, max-snippet:-1, max-image-preview:large, max-video-preview:-1\" \/>\n<link rel=\"canonical\" href=\"https:\/\/sluzby.profikasa.cz\/komentare-k-vydanym-verzim\/\" \/>\n<meta property=\"og:locale\" content=\"vi_VN\" \/>\n<meta property=\"og:type\" content=\"article\" \/>\n<meta property=\"og:title\" content=\"Koment\u00e1\u0159e k vydan\u00fdm verz\u00edm - PROFIKASA Slu\u017eby\" \/>\n<meta property=\"og:url\" content=\"https:\/\/sluzby.profikasa.cz\/komentare-k-vydanym-verzim\/\" \/>\n<meta property=\"og:site_name\" content=\"PROFIKASA Slu\u017eby\" \/>\n<meta property=\"article:modified_time\" content=\"2023-10-23T22:13:06+00:00\" \/>\n<meta name=\"twitter:card\" content=\"summary_large_image\" \/>\n<meta name=\"twitter:label1\" content=\"\u01af\u1edbc t\u00ednh th\u1eddi gian \u0111\u1ecdc\" \/>\n\t<meta name=\"twitter:data1\" content=\"3 ph\u00fat\" \/>\n<script type=\"application\/ld+json\" class=\"yoast-schema-graph\">{\"@context\":\"https:\/\/schema.org\",\"@graph\":[{\"@type\":\"WebPage\",\"@id\":\"https:\/\/sluzby.profikasa.cz\/komentare-k-vydanym-verzim\/\",\"url\":\"https:\/\/sluzby.profikasa.cz\/komentare-k-vydanym-verzim\/\",\"name\":\"Koment\u00e1\u0159e k vydan\u00fdm verz\u00edm - PROFIKASA Slu\u017eby\",\"isPartOf\":{\"@id\":\"https:\/\/sluzby.profikasa.cz\/#website\"},\"datePublished\":\"2020-02-27T16:33:39+00:00\",\"dateModified\":\"2023-10-23T22:13:06+00:00\",\"breadcrumb\":{\"@id\":\"https:\/\/sluzby.profikasa.cz\/komentare-k-vydanym-verzim\/#breadcrumb\"},\"inLanguage\":\"vi\",\"potentialAction\":[{\"@type\":\"ReadAction\",\"target\":[\"https:\/\/sluzby.profikasa.cz\/komentare-k-vydanym-verzim\/\"]}]},{\"@type\":\"BreadcrumbList\",\"@id\":\"https:\/\/sluzby.profikasa.cz\/komentare-k-vydanym-verzim\/#breadcrumb\",\"itemListElement\":[{\"@type\":\"ListItem\",\"position\":1,\"name\":\"Dom\u016f\",\"item\":\"https:\/\/sluzby.profikasa.cz\/\"},{\"@type\":\"ListItem\",\"position\":2,\"name\":\"Koment\u00e1\u0159e k vydan\u00fdm verz\u00edm\"}]},{\"@type\":\"WebSite\",\"@id\":\"https:\/\/sluzby.profikasa.cz\/#website\",\"url\":\"https:\/\/sluzby.profikasa.cz\/\",\"name\":\"PROFIKASA Slu\u017eby\",\"description\":\"Pokladna pro slu\u017eby\",\"publisher\":{\"@id\":\"https:\/\/sluzby.profikasa.cz\/#organization\"},\"potentialAction\":[{\"@type\":\"SearchAction\",\"target\":{\"@type\":\"EntryPoint\",\"urlTemplate\":\"https:\/\/sluzby.profikasa.cz\/?s={search_term_string}\"},\"query-input\":\"required name=search_term_string\"}],\"inLanguage\":\"vi\"},{\"@type\":\"Organization\",\"@id\":\"https:\/\/sluzby.profikasa.cz\/#organization\",\"name\":\"Profikasa\",\"url\":\"https:\/\/sluzby.profikasa.cz\/\",\"logo\":{\"@type\":\"ImageObject\",\"inLanguage\":\"vi\",\"@id\":\"https:\/\/sluzby.profikasa.cz\/#\/schema\/logo\/image\/\",\"url\":\"https:\/\/sluzby.profikasa.cz\/wp-content\/uploads\/2020\/03\/PROFIKASA_logo_pro_prodej_a_sluzby.png\",\"contentUrl\":\"https:\/\/sluzby.profikasa.cz\/wp-content\/uploads\/2020\/03\/PROFIKASA_logo_pro_prodej_a_sluzby.png\",\"width\":294,\"height\":70,\"caption\":\"Profikasa\"},\"image\":{\"@id\":\"https:\/\/sluzby.profikasa.cz\/#\/schema\/logo\/image\/\"}}]}<\/script>\n<!-- \/ Yoast SEO plugin. -->","yoast_head_json":{"title":"Koment\u00e1\u0159e k vydan\u00fdm verz\u00edm - PROFIKASA Slu\u017eby","robots":{"index":"index","follow":"follow","max-snippet":"max-snippet:-1","max-image-preview":"max-image-preview:large","max-video-preview":"max-video-preview:-1"},"canonical":"https:\/\/sluzby.profikasa.cz\/komentare-k-vydanym-verzim\/","og_locale":"vi_VN","og_type":"article","og_title":"Koment\u00e1\u0159e k vydan\u00fdm verz\u00edm - PROFIKASA Slu\u017eby","og_url":"https:\/\/sluzby.profikasa.cz\/komentare-k-vydanym-verzim\/","og_site_name":"PROFIKASA Slu\u017eby","article_modified_time":"2023-10-23T22:13:06+00:00","twitter_card":"summary_large_image","twitter_misc":{"\u01af\u1edbc t\u00ednh th\u1eddi gian \u0111\u1ecdc":"3 ph\u00fat"},"schema":{"@context":"https:\/\/schema.org","@graph":[{"@type":"WebPage","@id":"https:\/\/sluzby.profikasa.cz\/komentare-k-vydanym-verzim\/","url":"https:\/\/sluzby.profikasa.cz\/komentare-k-vydanym-verzim\/","name":"Koment\u00e1\u0159e k vydan\u00fdm verz\u00edm - PROFIKASA Slu\u017eby","isPartOf":{"@id":"https:\/\/sluzby.profikasa.cz\/#website"},"datePublished":"2020-02-27T16:33:39+00:00","dateModified":"2023-10-23T22:13:06+00:00","breadcrumb":{"@id":"https:\/\/sluzby.profikasa.cz\/komentare-k-vydanym-verzim\/#breadcrumb"},"inLanguage":"vi","potentialAction":[{"@type":"ReadAction","target":["https:\/\/sluzby.profikasa.cz\/komentare-k-vydanym-verzim\/"]}]},{"@type":"BreadcrumbList","@id":"https:\/\/sluzby.profikasa.cz\/komentare-k-vydanym-verzim\/#breadcrumb","itemListElement":[{"@type":"ListItem","position":1,"name":"Dom\u016f","item":"https:\/\/sluzby.profikasa.cz\/"},{"@type":"ListItem","position":2,"name":"Koment\u00e1\u0159e k vydan\u00fdm verz\u00edm"}]},{"@type":"WebSite","@id":"https:\/\/sluzby.profikasa.cz\/#website","url":"https:\/\/sluzby.profikasa.cz\/","name":"PROFIKASA Slu\u017eby","description":"Pokladna pro slu\u017eby","publisher":{"@id":"https:\/\/sluzby.profikasa.cz\/#organization"},"potentialAction":[{"@type":"SearchAction","target":{"@type":"EntryPoint","urlTemplate":"https:\/\/sluzby.profikasa.cz\/?s={search_term_string}"},"query-input":"required name=search_term_string"}],"inLanguage":"vi"},{"@type":"Organization","@id":"https:\/\/sluzby.profikasa.cz\/#organization","name":"Profikasa","url":"https:\/\/sluzby.profikasa.cz\/","logo":{"@type":"ImageObject","inLanguage":"vi","@id":"https:\/\/sluzby.profikasa.cz\/#\/schema\/logo\/image\/","url":"https:\/\/sluzby.profikasa.cz\/wp-content\/uploads\/2020\/03\/PROFIKASA_logo_pro_prodej_a_sluzby.png","contentUrl":"https:\/\/sluzby.profikasa.cz\/wp-content\/uploads\/2020\/03\/PROFIKASA_logo_pro_prodej_a_sluzby.png","width":294,"height":70,"caption":"Profikasa"},"image":{"@id":"https:\/\/sluzby.profikasa.cz\/#\/schema\/logo\/image\/"}}]}},"_links":{"self":[{"href":"https:\/\/sluzby.profikasa.cz\/vi\/wp-json\/wp\/v2\/pages\/9"}],"collection":[{"href":"https:\/\/sluzby.profikasa.cz\/vi\/wp-json\/wp\/v2\/pages"}],"about":[{"href":"https:\/\/sluzby.profikasa.cz\/vi\/wp-json\/wp\/v2\/types\/page"}],"author":[{"embeddable":true,"href":"https:\/\/sluzby.profikasa.cz\/vi\/wp-json\/wp\/v2\/users\/1"}],"replies":[{"embeddable":true,"href":"https:\/\/sluzby.profikasa.cz\/vi\/wp-json\/wp\/v2\/comments?post=9"}],"version-history":[{"count":5,"href":"https:\/\/sluzby.profikasa.cz\/vi\/wp-json\/wp\/v2\/pages\/9\/revisions"}],"predecessor-version":[{"id":480,"href":"https:\/\/sluzby.profikasa.cz\/vi\/wp-json\/wp\/v2\/pages\/9\/revisions\/480"}],"wp:attachment":[{"href":"https:\/\/sluzby.profikasa.cz\/vi\/wp-json\/wp\/v2\/media?parent=9"}],"curies":[{"name":"wp","href":"https:\/\/api.w.org\/{rel}","templated":true}]}}