{"id":305,"date":"2020-03-04T16:07:58","date_gmt":"2020-03-04T15:07:58","guid":{"rendered":"http:\/\/sluzby.profikasa.cz\/?page_id=305"},"modified":"2023-04-27T16:07:44","modified_gmt":"2023-04-27T14:07:44","slug":"centrum-podpory","status":"publish","type":"page","link":"https:\/\/sluzby.profikasa.cz\/vi\/centrum-podpory\/","title":{"rendered":"CENTRUM PODPORY"},"content":{"rendered":"<div class=\"row\">\r\n    <h2 class=\"col-md-12 section-header\">TRUNG T\u00c2M H\u00d4\u0303 TR\u1ee2<\/h2>\r\n<\/div>\r\n\r\n\r\n<h2 class=\"wp-block-heading\">TH\u00d4NG TIN HI\u1ec6N T\u1ea0I CHO NG\u01af\u1edcI S\u1eec D\u1ee4NG<\/h2>\r\n\r\n\r\n\r\n<p><a href=\"\/komentare-k-vydanym-verzim\/\">Nh\u1eadn x\u00e9t v\u1ec1 c\u00e1c phi\u00ean b\u1ea3n \u0111\u00e3 ph\u00e1t h\u00e0nh<\/a><\/p>\r\n\r\n\r\n\r\n<h2 class=\"wp-block-heading\">H\u00d4\u0303 TR\u1ee2 NG\u01af\u1edcI D\u00d9NG<\/h2>\r\n\r\n\r\n\r\n<p>N\u1ebfu b\u1ea1n kh\u00f4ng t\u00ecm th\u1ea5y c\u00e2u tr\u1ea3 l\u1eddi cho c\u00e2u h\u1ecfi c\u1ee7a m\u00ecnh trong\r\n    TH\u00d4NG TIN HI\u1ec6N T\u1ea0I CHO NG\u01af\u01a0\u0300I S\u1eec D\u1ee4NG ho\u1eb7c H\u01af\u1edaNG D\u1eaaN c\u00f3 s\u1eb5n \u0111\u1ec3 t\u1ea3i xu\u1ed1ng b\u00ean d\u01b0\u1edbi, vui l\u00f2ng li\u00ean h\u1ec7 v\u1edbi b\u1ed9 ph\u1eadn h\u1ed7\r\n    tr\u1ee3 kh\u00e1ch h\u00e0ng (gi\u1ed1ng nh\u01b0 INFOLINE) 848 700 707, 584 459 144 ho\u1eb7c g\u1eedi email cho ch\u00fang t\u00f4i servis@profikasa.cz.\r\n<\/p>\r\n\r\n\r\n\r\n<p>\u0110\u01b0\u1eddng d\u00e2y h\u1ed7 tr\u1ee3 kh\u00e1ch h\u00e0ng c\u00f3 s\u1eb5n 7 ng\u00e0y m\u1ed9t tu\u1ea7n v\u00e0o c\u00e1c ng\u00e0y trong tu\u1ea7n 7-18 gi\u1edd, tr\u1eeb c\u00e1c ng\u00e0y l\u00e0m\r\n    vi\u1ec7c 8-17 gi\u1edd.<\/p>\r\n\r\n\r\n\r\n<p>\u0110\u01b0\u1eddng d\u00e2y h\u1ed7 tr\u1ee3 kh\u00e1ch h\u00e0ng c\u0169ng c\u00f3 s\u1eb5n b\u1eb1ng ti\u1ebfng Vi\u1ec7t, \u0111\u1ea3m b\u1ea3o\r\n    cu\u1ed9c g\u1ecdi l\u1ea1i b\u1edfi m\u1ed9t chuy\u00ean gia t\u01b0 v\u1ea5n n\u00f3i ti\u1ebfng Vi\u1ec7t kh\u00f4ng mu\u1ed9n h\u01a1n 60 ph\u00fat sau khi li\u00ean h\u1ec7 ban \u0111\u1ea7u, c\u00e1c li\u00ean h\u1ec7\r\n    sau \u0111\u00e3 \u0111\u01b0\u1ee3c thi\u1ebft l\u1eadp tr\u00ean \u0111\u01b0\u1eddng d\u00e2y tr\u1ef1c ti\u1ebfp v\u1edbi c\u00e1c chuy\u00ean gia t\u01b0 v\u1ea5n n\u00f3i ti\u1ebfng Vi\u1ec7t. Ngo\u00e0i ra, m\u1ed9t chuy\u1ebfn th\u0103m\r\n    \u0111\u1ea1i di\u1ec7n b\u00e1n h\u00e0ng ho\u1eb7c d\u1ecbch v\u1ee5 v\u00e0 \u0111\u00e0o t\u1ea1o c\u00f3 th\u1ec3 \u0111\u01b0\u1ee3c cung c\u1ea5p b\u1edfi c\u00e1c nh\u00e2n vi\u00ean n\u00f3i ti\u1ebfng Vi\u1ec7t.<\/p>\r\n\r\n\r\n\r\n<p>Trong l\u1ec7 ph\u00ed gi\u1ea5y ph\u00e9p b\u1ea1n c\u00f3:<\/p>\r\n\r\n\r\n\r\n<ul>\r\n    <li>s\u1eed d\u1ee5ng c\u00e1c d\u1ecbch v\u1ee5 t\u01b0 v\u1ea5n ho\u1eb7c d\u1ecbch v\u1ee5 cho t\u1ea5t c\u1ea3 c\u00e1c \u1ee9ng d\u1ee5ng v\u00e0 d\u1ecbch v\u1ee5 c\u1ee7a PROFIKASA t\u00f4\u0301i \u0111a 30\r\n        ph\u00fat m\u1ed7i th\u00e1ng,<\/li>\r\n    <li>\u0110\u1ea3m\r\n        b\u1ea3o n\u1ed1i l\u1ea1i ho\u1ea1t \u0111\u1ed9ng ch\u1eadm nh\u1ea5t l\u00e0 ng\u00e0y l\u00e0m vi\u1ec7c ti\u1ebfp theo sau khi b\u00e1o c\u00e1o l\u1ed7i ph\u1ea7n c\u1ee9ng (ch\u1ec9 \u00e1p d\u1ee5ng c\u00e1c th\u00e0nh\r\n        ph\u1ea7n PROFIKASA) ho\u1eb7c ph\u1ea7n m\u1ec1m PROFIKASA co\u0301 th\u00ea\u0309 ng\u0103n ch\u1eb7n b\u00e1n ha\u0300ng, khi b\u00e1o c\u00e1o \u0111\u1ebfn 12:00,<\/li>\r\n    <li>cho thu\u00ea c\u00e1c th\u00e0nh ph\u1ea7n CTNH\r\n        PROFIKASA mi\u1ec5n ph\u00ed trong qu\u00e1 tr\u00ecnh s\u1eeda ch\u1eefa b\u1ea3o h\u00e0nh.<\/li>\r\n<\/ul>\r\n\r\n\r\n\r\n<h2 class=\"wp-block-heading\">T\u1ea2I XU\u1ed0NG \u1ee8NG D\u1ee4NG MA\u0301Y TI\u0301NH TI\u1ec0N PROFIKASA<\/h2>\r\n\r\n\r\n\r\n<h3 class=\"wp-block-heading\">Y\u00eau c\u1ea7u m\u00e1y t\u00ednh:<\/h3>\r\n\r\n\r\n\r\n<ul><li>M\u1ed9t m\u00e1y t\u00ednh c\u00f3\r\n        h\u1ec7 \u0111i\u1ec1u h\u00e0nh t\u1ed1t nh\u1ea5t l\u00e0 Windows 10.<\/li><li>M\u00e0n\r\n        h\u00ecnh c\u1ea3m \u1ee9ng ph\u00f9 h\u1ee3p nh\u01b0ng kh\u00f4ng c\u1ea7n thi\u1ebft. \u1ee8ng d\u1ee5ng m\u00e1y t\u00ednh ti\u1ec1n PROFIKASA c\u00f3 th\u1ec3 \u0111\u01b0\u1ee3c v\u1eadn h\u00e0nh \u0111\u1ea7y \u0111\u1ee7 v\u00e0 hi\u1ec7u\r\n        qu\u1ea3 t\u1eeb b\u00e0n ph\u00edm (k\u1ebft h\u1ee3p v\u1edbi chu\u1ed9t). \u0110\u1ed9 ph\u00e2n gi\u1ea3i m\u00e0n h\u00ecnh t\u1ed1i thi\u1ec3u l\u00e0 1366 \u00d7 768 pixel.<\/li><li>Dung l\u01b0\u1ee3ng \u0111\u0129a c\u1ee9ng t\u1ed1i thi\u1ec3u 64 GB, dung l\u01b0\u1ee3ng RAM t\u1ed1i thi\u1ec3u 4GB, kh\u1ea3 n\u0103ng k\u1ebft n\u1ed1i Internet.<\/li><li>\u0110\u1ec3 hi\u1ec3n th\u1ecb c\u00e1c t\u1ec7p\r\n        \u1edf \u0111\u1ecbnh d\u1ea1ng XLSX (Excel), c\u0169ng l\u00e0 \u0111\u1ecbnh d\u1ea1ng c\u1ee7a b\u00e1o c\u00e1o \u0111\u1ea7u ra, ph\u00f9 h\u1ee3p \u0111\u1ec3 c\u00e0i \u0111\u1eb7t ch\u01b0\u01a1ng tr\u00ecnh cho ph\u00e9p hi\u1ec3n\r\n        th\u1ecb c\u1ee7a ch\u00fang, v\u00ed d\u1ee5 MS Excel, Open Office, Libre office, v.v.<\/li><\/ul>\r\n\r\n\r\n\r\n<h3 class=\"wp-block-heading\">Gi\u1ea5y ph\u00e9p s\u1eed d\u1ee5ng \u1ee9ng d\u1ee5ng ma\u0301y ti\u0301nh ti\u00ea\u0300n:<\/h3>\r\n\r\n\r\n\r\n<ul>\r\n    <li>\u1ee8ng d\u1ee5ng m\u00e1y t\u00ednh ti\u1ec1n PROFIKASA\r\n        \u0111\u00e3 s\u1eb5n s\u00e0ng \u0111\u1ec3 t\u1ea3i xu\u1ed1ng \u1edf phi\u00ean b\u1ea3n \u0111\u1ea7y \u0111\u1ee7. N\u00f3 c\u00f3 th\u1ec3 \u0111\u01b0\u1ee3c s\u1eed d\u1ee5ng \u0111\u1ec3 th\u1eed nghi\u1ec7m c\u0169ng nh\u01b0 ho\u1ea1t \u0111\u1ed9ng \u0111\u1ea7y \u0111\u1ee7 \u01a1\u0309\r\n        c\u01b0\u0309a ha\u0300ng, mi\u1ec5n ph\u00ed trong 50 ng\u00e0y. S\u1eed d\u1ee5ng \u1ee9ng d\u1ee5ng m\u00e1y t\u00ednh ti\u1ec1n mi\u1ec5n ph\u00ed kh\u00f4ng r\u00e0ng bu\u1ed9c ng\u01b0\u1eddi d\u00f9ng v\u1edbi b\u1ea5t\r\n        k\u1ef3 ngh\u0129a v\u1ee5 n\u00e0o ho\u1eb7c s\u1eed d\u1ee5ng \u1ee9ng d\u1ee5ng sau 50 ng\u00e0y.<\/li>\r\n    <li>\u0110\u1ec3 s\u1eed d\u1ee5ng \u1ee9ng d\u1ee5ng ma\u0301y ti\u0301nh ti\u1ec1n PROFIKASA sau 50 ng\u00e0y, c\u1ea7n\r\n        ph\u1ea3i \u0111\u0103ng k\u00fd ng\u01b0\u1eddi d\u00f9ng v\u00e0 k\u00fd Th\u1ecfa thu\u1eadn v\u1ec1 vi\u1ec7c s\u1eed d\u1ee5ng \u1ee9ng d\u1ee5ng \u0111\u0103ng k\u00fd ma\u0301y ti\u0301nh ti\u1ec1n PROFIKASA.<\/li>\r\n<\/ul>\r\n\r\n\r\n\r\n<h3 class=\"wp-block-heading\">Qu\u00e1 tr\u00ecnh c\u00e0i \u0111\u1eb7t:<\/h3>\r\n\r\n\r\n\r\n<ul>\r\n    <li>Ch\u01b0\u01a1ng tr\u00ecnh c\u00e0i \u0111\u1eb7t t\u1ea1o hai ph\u00edm t\u1eaft tr\u00ean\r\n        m\u00e0n h\u00ecnh n\u1ec1n:<\/li>\r\n    <li>\u0110\u1ea1i di\u1ec7n &#8220;PROFIKASA\r\n        TEST&#8221;, ch\u1ea1y c\u00e1c \u1ee9ng d\u1ee5ng m\u00e1y t\u00ednh ti\u1ec1n v\u1edbi d\u1eef li\u1ec7u th\u1eed nghi\u1ec7m c\u00e0i s\u1eb5n (c\u00e1c c\u00f4ng ty, c\u01a1 s\u1edf, ng\u01b0\u1eddi s\u1eed d\u1ee5ng, c\u00e1c\r\n        ph\u00edm v\u1edbi h\u00e0ng ho\u0301a \/ d\u1ecbch v\u1ee5 ca\u0300i s\u0103\u0303n, vv) \u0111\u1ec3 th\u1eed nghi\u1ec7m t\u1ed1t h\u01a1n c\u00e1c \u1ee9ng d\u1ee5ng m\u00e1y t\u00ednh ti\u1ec1n v\u00e0 c\u00e1c ph\u00edm t\u1eaft\r\n        &#8220;PROFIKASA&#8221; &#8211; ch\u1ea1y c\u00e1c \u1ee9ng d\u1ee5ng m\u00e1y t\u00ednh ti\u1ec1n kh\u00f4ng c\u00f3 d\u1eef li\u1ec7u c\u00e0i s\u1eb5n (cho ho\u1ea1t \u0111\u1ed9ng tr\u1ef1c ti\u1ebfp).<\/li>\r\n    <li><strong>M\u00e3 \u0111\u0103ng nh\u1eadp va\u0300o ma\u0301y ti\u0301nh\r\n            ti\u00ea\u0300n:<\/strong>\r\n        <ul>\r\n            <li>PROFIKASA TEST \u2013 t\u00ean: honza, m\u1eadt kh\u1ea9u: 1234<\/li>\r\n            <li>PROFIKASA \u2013 t\u00ean: profikasa, m\u1eadt kh\u1ea9u:\r\n                profikasa<\/li>\r\n        <\/ul>\r\n    <\/li>\r\n    <li>\r\n        \u1ee8ng d\u1ee5ng m\u00e1y t\u00ednh ti\u1ec1n \u0111\u01b0\u1ee3c c\u00e0i \u0111\u1eb7t m\u00e0 kh\u00f4ng c\u1ea7n tr\u00ecnh \u0111i\u1ec1u khi\u1ec3n \u0111\u1ec3 k\u1ebft n\u1ed1i c\u00e1c thi\u1ebft\r\n        b\u1ecb b\u00ean ngo\u00e0i (m\u00e1y in, m\u00e0n h\u00ecnh kh\u00e1ch h\u00e0ng). \u0110\u1ec3 c\u00e0i \u0111\u1eb7t tr\u00ecnh \u0111i\u1ec1u khi\u1ec3n cho k\u1ebft n\u1ed1i c\u1ee7a h\u1ecd, h\u00e3y l\u00e0m theo h\u01b0\u1edbng\r\n        d\u1eabn c\u00e0i \u0111\u1eb7t ho\u1eb7c li\u00ean h\u1ec7 v\u1edbi b\u1ed9 ph\u1eadn h\u1ed7 tr\u1ee3 kh\u00e1ch h\u00e0ng.\r\n    <\/li>\r\n    <li>\r\n        L\u01b0u \u00fd: \u0110\u1ec3 chuy\u1ec3n ng\u00f4n ng\u1eef giao di\u1ec7n ng\u01b0\u1eddi d\u00f9ng sang ti\u1ebfng Vi\u1ec7t (b\u1eb1ng c\u00e1ch ch\u1ecdn CH\u1ee8C N\u0102NG \/ C\u00c0I \u0110\u1eb6T \/ NG\u01af\u1edcI D\u00d9NG \/ THAY \u0110\u1ed4I C\u00c0I \u0110\u1eb6T NG\u01af\u1edcI D\u00d9NG), c\u1ea7n ph\u1ea3i \u0111\u0103ng xu\u1ea5t kh\u1ecfi \u1ee9ng d\u1ee5ng m\u00e1y t\u00ednh ti\u1ec1n v\u00e0 \u0111\u0103ng nh\u1eadp l\u1ea1i.\r\n    <\/li>\r\n<\/ul>\r\n\r\n\r\n\r\n<h3 class=\"wp-block-heading\">C\u1eadp nh\u1eadt \u1ee9ng d\u1ee5ng m\u00e1y t\u00ednh ti\u1ec1n:<\/h3>\r\n\r\n\r\n\r\n<ul>\r\n    <li>\u1ee9ng d\u1ee5ng m\u00e1y t\u00ednh ti\u1ec1n PROFIKASA t\u1ef1 \u0111\u1ed9ng x\u00e1c \u0111\u1ecbnh s\u1ef1 t\u1ed3n t\u1ea1i c\u1ee7a phi\u00ean b\u1ea3n m\u1edbi th\u00f4ng qua k\u1ebft n\u1ed1i Internet v\u00e0 cung c\u1ea5p cho ng\u01b0\u1eddi d\u00f9ng c\u1eadp nh\u1eadt \u1ee9ng d\u1ee5ng m\u00e1y t\u00ednh ti\u1ec1n l\u00ean phi\u00ean b\u1ea3n m\u1edbi nh\u1ea5t. B\u1ea3n c\u1eadp nh\u1eadt kh\u00f4ng \u1ea3nh h\u01b0\u1edfng \u0111\u1ebfn d\u1eef li\u1ec7u do ng\u01b0\u1eddi d\u00f9ng t\u1ea1o theo b\u1ea5t k\u1ef3 c\u00e1ch n\u00e0o.<\/li>\r\n    <li>Kh\u1ea3 n\u0103ng c\u1eadp nh\u1eadt \u0111\u01b0\u1ee3c khuy\u1ebfn ngh\u1ecb m\u1ea1nh m\u1ebd li\u00ean quan \u0111\u1ebfn vi\u1ec7c tri\u1ec3n khai d\u1ea7n d\u1ea7n c\u00e1c ch\u1ee9c n\u0103ng m\u1edbi c\u1ee7a \u1ee9ng d\u1ee5ng m\u00e1y t\u00ednh ti\u1ec1n, c\u0169ng nh\u01b0 li\u00ean quan \u0111\u1ebfn vi\u1ec7c s\u1eeda c\u00e1c l\u1ed7i c\u00f3 th\u1ec3 x\u1ea3y ra.<\/li>\r\n<\/ul>\r\n\r\n\r\n\r\n<h2 class=\"wp-block-heading\">\u0110\u1ec3 t\u1ea3i xu\u1ed1ng \u1ee9ng d\u1ee5ng m\u00e1y t\u00ednh ti\u1ec1n PROFIKASA:<\/h2>\r\n\r\n\r\n\r\n\n<div class=\"wpcf7 no-js\" id=\"wpcf7-f56-o2\" lang=\"cs-CZ\" dir=\"ltr\">\n<div class=\"screen-reader-response\"><p role=\"status\" aria-live=\"polite\" aria-atomic=\"true\"><\/p> <ul><\/ul><\/div>\n<form action=\"\/vi\/wp-json\/wp\/v2\/pages\/305#wpcf7-f56-o2\" method=\"post\" class=\"wpcf7-form init\" aria-label=\"Form li\u00ean h\u1ec7\" novalidate=\"novalidate\" data-status=\"init\">\n<div style=\"display: none;\">\n<input type=\"hidden\" name=\"_wpcf7\" value=\"56\" \/>\n<input type=\"hidden\" name=\"_wpcf7_version\" value=\"5.8.1\" \/>\n<input type=\"hidden\" name=\"_wpcf7_locale\" value=\"cs_CZ\" \/>\n<input type=\"hidden\" name=\"_wpcf7_unit_tag\" value=\"wpcf7-f56-o2\" \/>\n<input type=\"hidden\" name=\"_wpcf7_container_post\" value=\"0\" \/>\n<input type=\"hidden\" name=\"_wpcf7_posted_data_hash\" value=\"\" \/>\n<\/div>\n<div class=\"container\">\n\t<div class=\"row\">\n\t\t<div class=\"col-md-6\">\n\t\t\t<p>T\u00caN:\n\t\t\t<\/p>\n\t\t\t<p><span class=\"wpcf7-form-control-wrap\" data-name=\"your-name\"><input size=\"40\" class=\"wpcf7-form-control wpcf7-text wpcf7-validates-as-required\" aria-required=\"true\" aria-invalid=\"false\" value=\"\" type=\"text\" name=\"your-name\" \/><\/span>\n\t\t\t<\/p>\n\t\t<\/div>\n\t\t<div class=\"col-md-6\">\n\t\t\t<p>E-mail:\n\t\t\t<\/p>\n\t\t\t<p><span class=\"wpcf7-form-control-wrap\" data-name=\"your-email\"><input size=\"40\" class=\"wpcf7-form-control wpcf7-email wpcf7-validates-as-required wpcf7-text wpcf7-validates-as-email\" aria-required=\"true\" aria-invalid=\"false\" value=\"\" type=\"email\" name=\"your-email\" \/><\/span>\n\t\t\t<\/p>\n\t\t<\/div>\n\t\t<div class=\"col-md-6\">\n\t\t\t<p>S\u1ed0 \u0110I\u1ec6N THO\u1ea0I*:\n\t\t\t<\/p>\n\t\t\t<p><span class=\"wpcf7-form-control-wrap\" data-name=\"your-phone\"><input size=\"40\" class=\"wpcf7-form-control wpcf7-text\" aria-invalid=\"false\" value=\"\" type=\"text\" name=\"your-phone\" \/><\/span>\n\t\t\t<\/p>\n\t\t<\/div>\n\t\t<div class=\"col-md-6 mt-auto\">\n\t\t\t<p><br \/>\n<input class=\"wpcf7-form-control wpcf7-submit has-spinner\" type=\"submit\" value=\"TI\u1ebeP T\u1ee4C T\u1ea2I\" \/>\n\t\t\t<\/p>\n\t\t<\/div>\n\t<\/div>\n<\/div>\n<p style=\"font-size: 11px; margin-top: -8px;\">G\u1eedi bi\u1ec3u m\u1eabu \u0111\u1ec3 t\u1ea3i xu\u1ed1ng \u1ee9ng d\u1ee5ng \u00a0m\u00e1y t\u00ednh ti\u1ec1n PROFIKASA, t\u00f4i \u0111\u1ed3ng \u00fd v\u1edbi c\u00e1c \u0111i\u1ec1u ki\u1ec7n <a href=\"\/zasady-zpracovani-osobnich-udaju\/\" target=\"_blank\">x\u1eed l\u00fd d\u1eef li\u1ec7u c\u00e1 nh\u00e2n n\u00e0y.<\/a>\n<\/p><div class=\"wpcf7-response-output\" aria-hidden=\"true\"><\/div>\n<\/form>\n<\/div>\n\r\n\r\n\r\n\r\n<ul class=\"download-list\" style=\"display:none;\">\r\n<p>C\u1ea3m \u01a1n b\u1ea1n \u0111\u00e3 \u0111i\u1ec1n th\u00f4ng tin li\u00ean l\u1ea1c c\u1ee7a b\u1ea1n. Ti\u1ebfp t\u1ee5c b\u1eb1ng c\u00e1ch t\u1ea3i xu\u1ed1ng \u1ee9ng d\u1ee5ng m\u00e1y t\u00ednh ti\u1ec1n PROFIKASA.<\/p>\r\n    <li>\u1ee8NG D\u1ee4NG MA\u0301Y TI\u0301NH TI\u1ec0N PK-KASA<a class=\"btn btn-pk-red\" href=\"https:\/\/profikasa.cz\/files\/PROFIKASA-INSTALACEN.exe\" class=\"btn-stahnout\">TA\u0309I XU\u00d4\u0301NG<\/a><\/li>\r\n<\/ul>\r\n\r\n\r\n\r\n<h2 class=\"wp-block-heading\">\u0110\u1eb6T H\u00c0NG<\/h2>\r\n\r\n\r\n\r\n<ul class=\"download-list\">\r\n<li>\u0110\u1eb6T MA\u0301Y TI\u0301NH TI\u1ec0N V\u00c0 C\u00c1C TH\u00c0NH PH\u1ea6N <a class=\"btn btn-pk-red\" href=\"\/download\/352\/\" class=\"btn-stahnout\">TA\u0309I XU\u00d4\u0301NG<\/a><\/li>\r\n<\/ul>\r\n\r\n\r\n\r\n<h2 class=\"wp-block-heading\">T\u1ea2I XU\u1ed0NG H\u01af\u1edaNG D\u1eaaN<\/h2>\r\n\r\n\r\n\r\n<ul class=\"download-list\">\r\n    <li>H\u01af\u1edaNG D\u1eaaN C\u00c0I \u0110\u1eb6T <a class=\"btn btn-pk-red\" href=\"\/download\/158\/\" class=\"btn-stahnout\">TA\u0309I XU\u00d4\u0301NG<\/a><\/li>\r\n    <li>H\u01af\u1edaNG D\u1eaaN NHANH &#8211; \u0110\u0102NG NH\u1eacP <a class=\"btn btn-pk-red\" href=\"\/download\/156\/\" class=\"btn-stahnout\">TA\u0309I XU\u00d4\u0301NG<\/a><\/li>\r\n    <li>H\u01af\u1edaNG D\u1eaaN NHANH &#8211; B\u00c1N <a class=\"btn btn-pk-red\" href=\"\/download\/153\/\" class=\"btn-stahnout\">TA\u0309I XU\u00d4\u0301NG<\/a><\/li>\r\n    <li>H\u01af\u1edaNG D\u1eaaN NHANH &#8211; THANH TO\u00c1N <a class=\"btn btn-pk-red\" href=\"\/download\/151\/\" class=\"btn-stahnout\">TA\u0309I XU\u00d4\u0301NG<\/a><\/li>\r\n    <li>H\u01af\u1edaNG D\u1eaaN NHANH &#8211; S\u1eecA CH\u1eeeA <a class=\"btn btn-pk-red\" href=\"\/download\/149\/\" class=\"btn-stahnout\">TA\u0309I XU\u00d4\u0301NG<\/a><\/li>\r\n    <li>H\u01af\u1edaNG D\u1eaaN NHANH &#8211; KI\u00ca\u0309M K\u00ca <a class=\"btn btn-pk-red\" href=\"\/download\/147\/\" class=\"btn-stahnout\">TA\u0309I XU\u00d4\u0301NG<\/a><\/li>\r\n    <li>H\u01af\u1edaNG D\u1eaaN NHANH &#8211; TA\u0323O CH\u1ee8NG NH\u1eacN EET <a class=\"btn btn-pk-red\" href=\"\/download\/145\/\" class=\"btn-stahnout\">TA\u0309I XU\u00d4\u0301NG<\/a><\/li>\r\n    <li>H\u01af\u1edaNG D\u1eaaN NHANH &#8211; CA\u0300I \u0110\u0102\u0323T CH\u1ee8NG NH\u1eacN EET <a class=\"btn btn-pk-red\" href=\"\/download\/143\/\" class=\"btn-stahnout\">TA\u0309I XU\u00d4\u0301NG<\/a><\/li>\r\n    <li>H\u01af\u1edaNG D\u1eaaN S\u1eec D\u1ee4NG CHO NG\u01af\u01a0\u0300I DU\u0300NG <a class=\"btn btn-pk-red\" href=\"\/download\/138\/\" class=\"btn-stahnout\">TA\u0309I XU\u00d4\u0301NG<\/a><\/li>\r\n<\/ul>\r\n\r\n\r\n\r\n<h2 class=\"wp-block-heading\">T\u1ea2I XU\u1ed0NG NH\u01af\u0303NG TRI\u0300NH \u0110I\u00ca\u0300U KHI\u00ca\u0309N<\/h2>\r\n\r\n\r\n\r\n<ul class=\"download-list\">\r\n    <li>Ma\u0301y in EPSON TM-20II <a class=\"btn btn-pk-red\" href=\"\/download\/108\/\" class=\"btn-stahnout\">TA\u0309I XU\u00d4\u0301NG<\/a><\/li>\r\n    <li>Ma\u0301y in EPSON TM-20II &#8211; tr\u00ecnh \u0111i\u1ec1u khi\u1ec3n \u0111\u1ec3 in nh\u00e3n k\u1ec7 <a class=\"btn btn-pk-red\" href=\"\/download\/116\/\" class=\"btn-stahnout\">TA\u0309I XU\u00d4\u0301NG<\/a><\/li>\r\n    <li>M\u00e0n h\u00ecnh kh\u00e1ch h\u00e0ng VIRTUOS FL-2024 <a class=\"btn btn-pk-red\" href=\"\/download\/118\/\" class=\"btn-stahnout\">TA\u0309I XU\u00d4\u0301NG<\/a><\/li>\r\n    <li>Ca\u0301c tha\u0300nh ph\u00e2\u0300n EET <a class=\"btn btn-pk-red\" href=\"\/download\/120\/\" class=\"btn-stahnout\">TA\u0309I XU\u00d4\u0301NG<\/a><\/li>\r\n    <li>TEAM VIEWER QS (\u0111i\u1ec1u khi\u1ec3n t\u1eeb xa)<a class=\"btn btn-pk-red\" href=\"https:\/\/get.teamviewer.com\/vi\/profikasa\">TA\u0309I XU\u00d4\u0301NG<\/a><\/li>\r\n<\/ul>","protected":false},"excerpt":{"rendered":"<p>TRUNG T\u00c2M H\u00d4\u0303 TR\u1ee2 TH\u00d4NG TIN HI\u1ec6N T\u1ea0I CHO NG\u01af\u1edcI S\u1eec D\u1ee4NG Nh\u1eadn x\u00e9t v\u1ec1 c\u00e1c phi\u00ean b\u1ea3n \u0111\u00e3 ph\u00e1t h\u00e0nh H\u00d4\u0303 TR\u1ee2 NG\u01af\u1edcI D\u00d9NG N\u1ebfu b\u1ea1n kh\u00f4ng t\u00ecm th\u1ea5y &#8230;<\/p>\n","protected":false},"author":1,"featured_media":0,"parent":0,"menu_order":0,"comment_status":"closed","ping_status":"closed","template":"template-fullwidth.php","meta":{"footnotes":""},"yoast_head":"<!-- This site is optimized with the Yoast SEO plugin v21.4 - https:\/\/yoast.com\/wordpress\/plugins\/seo\/ -->\n<title>CENTRUM PODPORY - PROFIKASA Slu\u017eby<\/title>\n<meta name=\"robots\" content=\"index, follow, max-snippet:-1, max-image-preview:large, max-video-preview:-1\" \/>\n<link rel=\"canonical\" href=\"https:\/\/sluzby.profikasa.cz\/centrum-podpory\/\" \/>\n<meta property=\"og:locale\" content=\"vi_VN\" \/>\n<meta property=\"og:type\" content=\"article\" \/>\n<meta property=\"og:title\" content=\"CENTRUM PODPORY - PROFIKASA Slu\u017eby\" \/>\n<meta property=\"og:description\" content=\"TRUNG T\u00c2M H\u00d4\u0303 TR\u1ee2 TH\u00d4NG TIN HI\u1ec6N T\u1ea0I CHO NG\u01af\u1edcI S\u1eec D\u1ee4NG Nh\u1eadn x\u00e9t v\u1ec1 c\u00e1c phi\u00ean b\u1ea3n \u0111\u00e3 ph\u00e1t h\u00e0nh H\u00d4\u0303 TR\u1ee2 NG\u01af\u1edcI D\u00d9NG N\u1ebfu b\u1ea1n kh\u00f4ng t\u00ecm th\u1ea5y ...\" \/>\n<meta property=\"og:url\" content=\"https:\/\/sluzby.profikasa.cz\/centrum-podpory\/\" \/>\n<meta property=\"og:site_name\" content=\"PROFIKASA Slu\u017eby\" \/>\n<meta property=\"article:modified_time\" content=\"2023-04-27T14:07:44+00:00\" \/>\n<meta name=\"twitter:card\" content=\"summary_large_image\" \/>\n<meta name=\"twitter:label1\" content=\"\u01af\u1edbc t\u00ednh th\u1eddi gian \u0111\u1ecdc\" \/>\n\t<meta name=\"twitter:data1\" content=\"10 ph\u00fat\" \/>\n<script type=\"application\/ld+json\" class=\"yoast-schema-graph\">{\"@context\":\"https:\/\/schema.org\",\"@graph\":[{\"@type\":\"WebPage\",\"@id\":\"https:\/\/sluzby.profikasa.cz\/centrum-podpory\/\",\"url\":\"https:\/\/sluzby.profikasa.cz\/centrum-podpory\/\",\"name\":\"CENTRUM PODPORY - PROFIKASA Slu\u017eby\",\"isPartOf\":{\"@id\":\"https:\/\/sluzby.profikasa.cz\/#website\"},\"datePublished\":\"2020-03-04T15:07:58+00:00\",\"dateModified\":\"2023-04-27T14:07:44+00:00\",\"breadcrumb\":{\"@id\":\"https:\/\/sluzby.profikasa.cz\/centrum-podpory\/#breadcrumb\"},\"inLanguage\":\"vi\",\"potentialAction\":[{\"@type\":\"ReadAction\",\"target\":[\"https:\/\/sluzby.profikasa.cz\/centrum-podpory\/\"]}]},{\"@type\":\"BreadcrumbList\",\"@id\":\"https:\/\/sluzby.profikasa.cz\/centrum-podpory\/#breadcrumb\",\"itemListElement\":[{\"@type\":\"ListItem\",\"position\":1,\"name\":\"Dom\u016f\",\"item\":\"https:\/\/sluzby.profikasa.cz\/\"},{\"@type\":\"ListItem\",\"position\":2,\"name\":\"CENTRUM PODPORY\"}]},{\"@type\":\"WebSite\",\"@id\":\"https:\/\/sluzby.profikasa.cz\/#website\",\"url\":\"https:\/\/sluzby.profikasa.cz\/\",\"name\":\"PROFIKASA Slu\u017eby\",\"description\":\"Pokladna pro slu\u017eby\",\"publisher\":{\"@id\":\"https:\/\/sluzby.profikasa.cz\/#organization\"},\"potentialAction\":[{\"@type\":\"SearchAction\",\"target\":{\"@type\":\"EntryPoint\",\"urlTemplate\":\"https:\/\/sluzby.profikasa.cz\/?s={search_term_string}\"},\"query-input\":\"required name=search_term_string\"}],\"inLanguage\":\"vi\"},{\"@type\":\"Organization\",\"@id\":\"https:\/\/sluzby.profikasa.cz\/#organization\",\"name\":\"Profikasa\",\"url\":\"https:\/\/sluzby.profikasa.cz\/\",\"logo\":{\"@type\":\"ImageObject\",\"inLanguage\":\"vi\",\"@id\":\"https:\/\/sluzby.profikasa.cz\/#\/schema\/logo\/image\/\",\"url\":\"https:\/\/sluzby.profikasa.cz\/wp-content\/uploads\/2020\/03\/PROFIKASA_logo_pro_prodej_a_sluzby.png\",\"contentUrl\":\"https:\/\/sluzby.profikasa.cz\/wp-content\/uploads\/2020\/03\/PROFIKASA_logo_pro_prodej_a_sluzby.png\",\"width\":294,\"height\":70,\"caption\":\"Profikasa\"},\"image\":{\"@id\":\"https:\/\/sluzby.profikasa.cz\/#\/schema\/logo\/image\/\"}}]}<\/script>\n<!-- \/ Yoast SEO plugin. -->","yoast_head_json":{"title":"CENTRUM PODPORY - PROFIKASA Slu\u017eby","robots":{"index":"index","follow":"follow","max-snippet":"max-snippet:-1","max-image-preview":"max-image-preview:large","max-video-preview":"max-video-preview:-1"},"canonical":"https:\/\/sluzby.profikasa.cz\/centrum-podpory\/","og_locale":"vi_VN","og_type":"article","og_title":"CENTRUM PODPORY - PROFIKASA Slu\u017eby","og_description":"TRUNG T\u00c2M H\u00d4\u0303 TR\u1ee2 TH\u00d4NG TIN HI\u1ec6N T\u1ea0I CHO NG\u01af\u1edcI S\u1eec D\u1ee4NG Nh\u1eadn x\u00e9t v\u1ec1 c\u00e1c phi\u00ean b\u1ea3n \u0111\u00e3 ph\u00e1t h\u00e0nh H\u00d4\u0303 TR\u1ee2 NG\u01af\u1edcI D\u00d9NG N\u1ebfu b\u1ea1n kh\u00f4ng t\u00ecm th\u1ea5y ...","og_url":"https:\/\/sluzby.profikasa.cz\/centrum-podpory\/","og_site_name":"PROFIKASA Slu\u017eby","article_modified_time":"2023-04-27T14:07:44+00:00","twitter_card":"summary_large_image","twitter_misc":{"\u01af\u1edbc t\u00ednh th\u1eddi gian \u0111\u1ecdc":"10 ph\u00fat"},"schema":{"@context":"https:\/\/schema.org","@graph":[{"@type":"WebPage","@id":"https:\/\/sluzby.profikasa.cz\/centrum-podpory\/","url":"https:\/\/sluzby.profikasa.cz\/centrum-podpory\/","name":"CENTRUM PODPORY - PROFIKASA Slu\u017eby","isPartOf":{"@id":"https:\/\/sluzby.profikasa.cz\/#website"},"datePublished":"2020-03-04T15:07:58+00:00","dateModified":"2023-04-27T14:07:44+00:00","breadcrumb":{"@id":"https:\/\/sluzby.profikasa.cz\/centrum-podpory\/#breadcrumb"},"inLanguage":"vi","potentialAction":[{"@type":"ReadAction","target":["https:\/\/sluzby.profikasa.cz\/centrum-podpory\/"]}]},{"@type":"BreadcrumbList","@id":"https:\/\/sluzby.profikasa.cz\/centrum-podpory\/#breadcrumb","itemListElement":[{"@type":"ListItem","position":1,"name":"Dom\u016f","item":"https:\/\/sluzby.profikasa.cz\/"},{"@type":"ListItem","position":2,"name":"CENTRUM PODPORY"}]},{"@type":"WebSite","@id":"https:\/\/sluzby.profikasa.cz\/#website","url":"https:\/\/sluzby.profikasa.cz\/","name":"PROFIKASA Slu\u017eby","description":"Pokladna pro slu\u017eby","publisher":{"@id":"https:\/\/sluzby.profikasa.cz\/#organization"},"potentialAction":[{"@type":"SearchAction","target":{"@type":"EntryPoint","urlTemplate":"https:\/\/sluzby.profikasa.cz\/?s={search_term_string}"},"query-input":"required name=search_term_string"}],"inLanguage":"vi"},{"@type":"Organization","@id":"https:\/\/sluzby.profikasa.cz\/#organization","name":"Profikasa","url":"https:\/\/sluzby.profikasa.cz\/","logo":{"@type":"ImageObject","inLanguage":"vi","@id":"https:\/\/sluzby.profikasa.cz\/#\/schema\/logo\/image\/","url":"https:\/\/sluzby.profikasa.cz\/wp-content\/uploads\/2020\/03\/PROFIKASA_logo_pro_prodej_a_sluzby.png","contentUrl":"https:\/\/sluzby.profikasa.cz\/wp-content\/uploads\/2020\/03\/PROFIKASA_logo_pro_prodej_a_sluzby.png","width":294,"height":70,"caption":"Profikasa"},"image":{"@id":"https:\/\/sluzby.profikasa.cz\/#\/schema\/logo\/image\/"}}]}},"_links":{"self":[{"href":"https:\/\/sluzby.profikasa.cz\/vi\/wp-json\/wp\/v2\/pages\/305"}],"collection":[{"href":"https:\/\/sluzby.profikasa.cz\/vi\/wp-json\/wp\/v2\/pages"}],"about":[{"href":"https:\/\/sluzby.profikasa.cz\/vi\/wp-json\/wp\/v2\/types\/page"}],"author":[{"embeddable":true,"href":"https:\/\/sluzby.profikasa.cz\/vi\/wp-json\/wp\/v2\/users\/1"}],"replies":[{"embeddable":true,"href":"https:\/\/sluzby.profikasa.cz\/vi\/wp-json\/wp\/v2\/comments?post=305"}],"version-history":[{"count":25,"href":"https:\/\/sluzby.profikasa.cz\/vi\/wp-json\/wp\/v2\/pages\/305\/revisions"}],"predecessor-version":[{"id":468,"href":"https:\/\/sluzby.profikasa.cz\/vi\/wp-json\/wp\/v2\/pages\/305\/revisions\/468"}],"wp:attachment":[{"href":"https:\/\/sluzby.profikasa.cz\/vi\/wp-json\/wp\/v2\/media?parent=305"}],"curies":[{"name":"wp","href":"https:\/\/api.w.org\/{rel}","templated":true}]}}